{"id":11,"date":"2022-01-12T19:59:29","date_gmt":"2022-01-12T18:59:29","guid":{"rendered":"https:\/\/www.ms-ko.sk\/?page_id=11"},"modified":"2025-07-13T15:19:37","modified_gmt":"2025-07-13T13:19:37","slug":"elementor-621","status":"publish","type":"page","link":"https:\/\/www.ms-ko.sk\/","title":{"rendered":"Slu\u017eby"},"content":{"rendered":"\t\t<div data-elementor-type=\"wp-page\" data-elementor-id=\"11\" class=\"elementor elementor-11\">\n\t\t\t\t\t\t<section class=\"elementor-section elementor-top-section elementor-element elementor-element-0adb2e8 elementor-section-boxed elementor-section-height-default elementor-section-height-default\" data-id=\"0adb2e8\" data-element_type=\"section\">\n\t\t\t\t\t\t<div class=\"elementor-container elementor-column-gap-default\">\n\t\t\t\t\t<div class=\"elementor-column elementor-col-100 elementor-top-column elementor-element elementor-element-b63d27e\" data-id=\"b63d27e\" data-element_type=\"column\">\n\t\t\t<div class=\"elementor-widget-wrap elementor-element-populated\">\n\t\t\t\t\t\t<div class=\"elementor-element elementor-element-5ee90f7 elementor-widget elementor-widget-heading\" data-id=\"5ee90f7\" data-element_type=\"widget\" data-widget_type=\"heading.default\">\n\t\t\t\t<div class=\"elementor-widget-container\">\n\t\t\t\t\t<h2 class=\"elementor-heading-title elementor-size-default\">-Prevoz kontajnerov (Abroll v\u00fd\u0161ka h\u00e1ku 157cm, d\u013a\u017eky 5-7m, v\u00e1ha s kont. 14t) <br>-Pren\u00e1jom vlastn\u00fdch kontajnerov 11-14-20kub.(pri upratovan\u00ed, demolaci\u00ed) <br>-Dovoz - odvoz : \u0160trku, piesku, kameniva, pil\u00edn, obiln\u00edn, reziva, strojov a pod...<br><\/h2>\t\t\t\t<\/div>\n\t\t\t\t<\/div>\n\t\t\t\t<div class=\"elementor-element elementor-element-32ee32e elementor-arrows-position-inside elementor-pagination-position-outside elementor-widget elementor-widget-image-carousel\" data-id=\"32ee32e\" data-element_type=\"widget\" data-settings=\"{&quot;navigation&quot;:&quot;both&quot;,&quot;autoplay&quot;:&quot;yes&quot;,&quot;pause_on_hover&quot;:&quot;yes&quot;,&quot;pause_on_interaction&quot;:&quot;yes&quot;,&quot;autoplay_speed&quot;:5000,&quot;infinite&quot;:&quot;yes&quot;,&quot;speed&quot;:500}\" data-widget_type=\"image-carousel.default\">\n\t\t\t\t<div class=\"elementor-widget-container\">\n\t\t\t\t\t\t\t<div class=\"elementor-image-carousel-wrapper swiper\" role=\"region\" aria-roledescription=\"carousel\" aria-label=\"Obr\u00e1zkov\u00fd kot\u00fa\u010d\" dir=\"ltr\">\n\t\t\t<div class=\"elementor-image-carousel swiper-wrapper\" aria-live=\"off\">\n\t\t\t\t\t\t\t\t<div class=\"swiper-slide\" role=\"group\" aria-roledescription=\"slide\" aria-label=\"1 of 10\"><figure class=\"swiper-slide-inner\"><img decoding=\"async\" class=\"swiper-slide-image\" src=\"https:\/\/www.ms-ko.sk\/wp-content\/uploads\/2022\/01\/ivecoR7-340x210.jpg\" alt=\"ivecoR7\" \/><\/figure><\/div><div class=\"swiper-slide\" role=\"group\" aria-roledescription=\"slide\" aria-label=\"2 of 10\"><figure class=\"swiper-slide-inner\"><img decoding=\"async\" class=\"swiper-slide-image\" src=\"https:\/\/www.ms-ko.sk\/wp-content\/uploads\/2022\/01\/IvecoR0-340x210.jpg\" alt=\"IvecoR0\" \/><\/figure><\/div><div class=\"swiper-slide\" role=\"group\" aria-roledescription=\"slide\" aria-label=\"3 of 10\"><figure class=\"swiper-slide-inner\"><img decoding=\"async\" class=\"swiper-slide-image\" src=\"https:\/\/www.ms-ko.sk\/wp-content\/uploads\/2022\/01\/rezivo3-340x210.jpg\" alt=\"rezivo3\" \/><\/figure><\/div><div class=\"swiper-slide\" role=\"group\" aria-roledescription=\"slide\" aria-label=\"4 of 10\"><figure class=\"swiper-slide-inner\"><img decoding=\"async\" class=\"swiper-slide-image\" src=\"https:\/\/www.ms-ko.sk\/wp-content\/uploads\/2023\/12\/nakl.1-340x210.jpg\" alt=\"nakl.1\" \/><\/figure><\/div><div class=\"swiper-slide\" role=\"group\" aria-roledescription=\"slide\" aria-label=\"5 of 10\"><figure class=\"swiper-slide-inner\"><img decoding=\"async\" class=\"swiper-slide-image\" src=\"https:\/\/www.ms-ko.sk\/wp-content\/uploads\/2022\/04\/3kont.6-340x210.jpg\" alt=\"3kont.6\" \/><\/figure><\/div><div class=\"swiper-slide\" role=\"group\" aria-roledescription=\"slide\" aria-label=\"6 of 10\"><figure class=\"swiper-slide-inner\"><img decoding=\"async\" class=\"swiper-slide-image\" src=\"https:\/\/www.ms-ko.sk\/wp-content\/uploads\/2022\/04\/IvecoKinder-340x210.jpg\" alt=\"IvecoKinder\" \/><\/figure><\/div><div class=\"swiper-slide\" role=\"group\" aria-roledescription=\"slide\" aria-label=\"7 of 10\"><figure class=\"swiper-slide-inner\"><img decoding=\"async\" class=\"swiper-slide-image\" src=\"https:\/\/www.ms-ko.sk\/wp-content\/uploads\/2023\/12\/ivecoR9-340x210.jpg\" alt=\"ivecoR9\" \/><\/figure><\/div><div class=\"swiper-slide\" role=\"group\" aria-roledescription=\"slide\" aria-label=\"8 of 10\"><figure class=\"swiper-slide-inner\"><img decoding=\"async\" class=\"swiper-slide-image\" src=\"https:\/\/www.ms-ko.sk\/wp-content\/uploads\/2023\/12\/skrid-340x210.jpg\" alt=\"skrid\" \/><\/figure><\/div><div class=\"swiper-slide\" role=\"group\" aria-roledescription=\"slide\" aria-label=\"9 of 10\"><figure class=\"swiper-slide-inner\"><img decoding=\"async\" class=\"swiper-slide-image\" src=\"https:\/\/www.ms-ko.sk\/wp-content\/uploads\/2023\/12\/demP2-340x210.jpg\" alt=\"demP2\" \/><\/figure><\/div><div class=\"swiper-slide\" role=\"group\" aria-roledescription=\"slide\" aria-label=\"10 of 10\"><figure class=\"swiper-slide-inner\"><img decoding=\"async\" class=\"swiper-slide-image\" src=\"https:\/\/www.ms-ko.sk\/wp-content\/uploads\/2023\/12\/ivtat-340x210.jpg\" alt=\"iv+tat\" \/><\/figure><\/div>\t\t\t<\/div>\n\t\t\t\t\t\t\t\t\t\t\t\t<div class=\"elementor-swiper-button elementor-swiper-button-prev\" role=\"button\" tabindex=\"0\">\n\t\t\t\t\t\t<i aria-hidden=\"true\" class=\"eicon-chevron-left\"><\/i>\t\t\t\t\t<\/div>\n\t\t\t\t\t<div class=\"elementor-swiper-button elementor-swiper-button-next\" role=\"button\" tabindex=\"0\">\n\t\t\t\t\t\t<i aria-hidden=\"true\" class=\"eicon-chevron-right\"><\/i>\t\t\t\t\t<\/div>\n\t\t\t\t\n\t\t\t\t\t\t\t\t\t<div class=\"swiper-pagination\"><\/div>\n\t\t\t\t\t\t\t\t\t<\/div>\n\t\t\t\t\t\t<\/div>\n\t\t\t\t<\/div>\n\t\t\t\t\t<\/div>\n\t\t<\/div>\n\t\t\t\t\t<\/div>\n\t\t<\/section>\n\t\t\t\t<section class=\"elementor-section elementor-top-section elementor-element elementor-element-b8e9428 elementor-section-boxed elementor-section-height-default elementor-section-height-default\" data-id=\"b8e9428\" data-element_type=\"section\">\n\t\t\t\t\t\t<div class=\"elementor-container elementor-column-gap-default\">\n\t\t\t\t\t<div class=\"elementor-column elementor-col-100 elementor-top-column elementor-element elementor-element-0cc306a\" data-id=\"0cc306a\" data-element_type=\"column\">\n\t\t\t<div class=\"elementor-widget-wrap elementor-element-populated\">\n\t\t\t\t\t\t<div class=\"elementor-element elementor-element-10441af elementor-widget elementor-widget-heading\" data-id=\"10441af\" data-element_type=\"widget\" data-widget_type=\"heading.default\">\n\t\t\t\t<div class=\"elementor-widget-container\">\n\t\t\t\t\t<h2 class=\"elementor-heading-title elementor-size-default\">Demola\u010dn\u00e9 pr\u00e1ce<\/h2>\t\t\t\t<\/div>\n\t\t\t\t<\/div>\n\t\t\t\t\t<\/div>\n\t\t<\/div>\n\t\t\t\t\t<\/div>\n\t\t<\/section>\n\t\t\t\t<section class=\"elementor-section elementor-top-section elementor-element elementor-element-35e52ac elementor-section-boxed elementor-section-height-default elementor-section-height-default\" data-id=\"35e52ac\" data-element_type=\"section\">\n\t\t\t\t\t\t<div class=\"elementor-container elementor-column-gap-default\">\n\t\t\t\t\t<div class=\"elementor-column elementor-col-100 elementor-top-column elementor-element elementor-element-6199c73\" data-id=\"6199c73\" data-element_type=\"column\">\n\t\t\t<div class=\"elementor-widget-wrap elementor-element-populated\">\n\t\t\t\t\t\t<div class=\"elementor-element elementor-element-c419efc elementor-widget elementor-widget-image-gallery\" data-id=\"c419efc\" data-element_type=\"widget\" data-widget_type=\"image-gallery.default\">\n\t\t\t\t<div class=\"elementor-widget-container\">\n\t\t\t\t\t\t\t<div class=\"elementor-image-gallery\">\n\t\t\t<div id='gallery-1' class='gallery galleryid-11 gallery-columns-4 gallery-size-post-thumbnail'><figure class='gallery-item'>\n\t\t\t<div class='gallery-icon landscape'>\n\t\t\t\t<a data-elementor-open-lightbox=\"yes\" data-elementor-lightbox-slideshow=\"c419efc\" data-elementor-lightbox-title=\"demP1\" data-e-action-hash=\"#elementor-action%3Aaction%3Dlightbox%26settings%3DeyJpZCI6NzMzLCJ1cmwiOiJodHRwczpcL1wvd3d3Lm1zLWtvLnNrXC93cC1jb250ZW50XC91cGxvYWRzXC8yMDIzXC8xMlwvZGVtUDEtc2NhbGVkLmpwZyIsInNsaWRlc2hvdyI6ImM0MTllZmMifQ%3D%3D\" href='https:\/\/www.ms-ko.sk\/wp-content\/uploads\/2023\/12\/demP1-scaled.jpg'><img fetchpriority=\"high\" decoding=\"async\" width=\"340\" height=\"210\" src=\"https:\/\/www.ms-ko.sk\/wp-content\/uploads\/2023\/12\/demP1-340x210.jpg\" class=\"attachment-post-thumbnail size-post-thumbnail\" alt=\"\" \/><\/a>\n\t\t\t<\/div><\/figure><figure class='gallery-item'>\n\t\t\t<div class='gallery-icon landscape'>\n\t\t\t\t<a data-elementor-open-lightbox=\"yes\" data-elementor-lightbox-slideshow=\"c419efc\" data-elementor-lightbox-title=\"DSC_0434\" data-e-action-hash=\"#elementor-action%3Aaction%3Dlightbox%26settings%3DeyJpZCI6MzUyLCJ1cmwiOiJodHRwczpcL1wvd3d3Lm1zLWtvLnNrXC93cC1jb250ZW50XC91cGxvYWRzXC8yMDIyXC8wMVwvRFNDXzA0MzQtc2NhbGVkLmpwZyIsInNsaWRlc2hvdyI6ImM0MTllZmMifQ%3D%3D\" href='https:\/\/www.ms-ko.sk\/wp-content\/uploads\/2022\/01\/DSC_0434-scaled.jpg'><img decoding=\"async\" width=\"340\" height=\"210\" src=\"https:\/\/www.ms-ko.sk\/wp-content\/uploads\/2022\/01\/DSC_0434-340x210.jpg\" class=\"attachment-post-thumbnail size-post-thumbnail\" alt=\"\" \/><\/a>\n\t\t\t<\/div><\/figure><figure class='gallery-item'>\n\t\t\t<div class='gallery-icon landscape'>\n\t\t\t\t<a data-elementor-open-lightbox=\"yes\" data-elementor-lightbox-slideshow=\"c419efc\" data-elementor-lightbox-title=\"demol.volvo210\" data-e-action-hash=\"#elementor-action%3Aaction%3Dlightbox%26settings%3DeyJpZCI6NTkyLCJ1cmwiOiJodHRwczpcL1wvd3d3Lm1zLWtvLnNrXC93cC1jb250ZW50XC91cGxvYWRzXC8yMDIyXC8wNFwvZGVtb2wudm9sdm8yMTAtc2NhbGVkLmpwZyIsInNsaWRlc2hvdyI6ImM0MTllZmMifQ%3D%3D\" href='https:\/\/www.ms-ko.sk\/wp-content\/uploads\/2022\/04\/demol.volvo210-scaled.jpg'><img decoding=\"async\" width=\"340\" height=\"210\" src=\"https:\/\/www.ms-ko.sk\/wp-content\/uploads\/2022\/04\/demol.volvo210-340x210.jpg\" class=\"attachment-post-thumbnail size-post-thumbnail\" alt=\"\" \/><\/a>\n\t\t\t<\/div><\/figure><figure class='gallery-item'>\n\t\t\t<div class='gallery-icon landscape'>\n\t\t\t\t<a data-elementor-open-lightbox=\"yes\" data-elementor-lightbox-slideshow=\"c419efc\" data-elementor-lightbox-title=\"Yan2\" data-e-action-hash=\"#elementor-action%3Aaction%3Dlightbox%26settings%3DeyJpZCI6ODI2LCJ1cmwiOiJodHRwczpcL1wvd3d3Lm1zLWtvLnNrXC93cC1jb250ZW50XC91cGxvYWRzXC8yMDI0XC8wOFwvWWFuMi1zY2FsZWQuanBnIiwic2xpZGVzaG93IjoiYzQxOWVmYyJ9\" href='https:\/\/www.ms-ko.sk\/wp-content\/uploads\/2024\/08\/Yan2-scaled.jpg'><img loading=\"lazy\" decoding=\"async\" width=\"340\" height=\"210\" src=\"https:\/\/www.ms-ko.sk\/wp-content\/uploads\/2024\/08\/Yan2-340x210.jpg\" class=\"attachment-post-thumbnail size-post-thumbnail\" alt=\"\" \/><\/a>\n\t\t\t<\/div><\/figure>\n\t\t<\/div>\n\t\t<\/div>\n\t\t\t\t\t\t<\/div>\n\t\t\t\t<\/div>\n\t\t\t\t\t<\/div>\n\t\t<\/div>\n\t\t\t\t\t<\/div>\n\t\t<\/section>\n\t\t\t\t<section class=\"elementor-section elementor-top-section elementor-element elementor-element-023db20 elementor-section-boxed elementor-section-height-default elementor-section-height-default\" data-id=\"023db20\" data-element_type=\"section\">\n\t\t\t\t\t\t<div class=\"elementor-container elementor-column-gap-default\">\n\t\t\t\t\t<div class=\"elementor-column elementor-col-100 elementor-top-column elementor-element elementor-element-5e5db59\" data-id=\"5e5db59\" data-element_type=\"column\">\n\t\t\t<div class=\"elementor-widget-wrap elementor-element-populated\">\n\t\t\t\t\t\t<div class=\"elementor-element elementor-element-3a2d261 elementor-widget elementor-widget-heading\" data-id=\"3a2d261\" data-element_type=\"widget\" data-widget_type=\"heading.default\">\n\t\t\t\t<div class=\"elementor-widget-container\">\n\t\t\t\t\t<h2 class=\"elementor-heading-title elementor-size-default\">Zemn\u00e9 pr\u00e1ce<\/h2>\t\t\t\t<\/div>\n\t\t\t\t<\/div>\n\t\t\t\t\t<\/div>\n\t\t<\/div>\n\t\t\t\t\t<\/div>\n\t\t<\/section>\n\t\t\t\t<section class=\"elementor-section elementor-top-section elementor-element elementor-element-76fc457 elementor-section-boxed elementor-section-height-default elementor-section-height-default\" data-id=\"76fc457\" data-element_type=\"section\">\n\t\t\t\t\t\t<div class=\"elementor-container elementor-column-gap-default\">\n\t\t\t\t\t<div class=\"elementor-column elementor-col-100 elementor-top-column elementor-element elementor-element-45f31ac\" data-id=\"45f31ac\" data-element_type=\"column\">\n\t\t\t<div class=\"elementor-widget-wrap elementor-element-populated\">\n\t\t\t\t\t\t<div class=\"elementor-element elementor-element-513bc0a elementor-widget elementor-widget-image-gallery\" data-id=\"513bc0a\" data-element_type=\"widget\" data-widget_type=\"image-gallery.default\">\n\t\t\t\t<div class=\"elementor-widget-container\">\n\t\t\t\t\t\t\t<div class=\"elementor-image-gallery\">\n\t\t\t<div id='gallery-2' class='gallery galleryid-11 gallery-columns-4 gallery-size-post-thumbnail'><figure class='gallery-item'>\n\t\t\t<div class='gallery-icon landscape'>\n\t\t\t\t<a data-elementor-open-lightbox=\"yes\" data-elementor-lightbox-slideshow=\"513bc0a\" data-elementor-lightbox-title=\"vykop\" data-e-action-hash=\"#elementor-action%3Aaction%3Dlightbox%26settings%3DeyJpZCI6NzcyLCJ1cmwiOiJodHRwczpcL1wvd3d3Lm1zLWtvLnNrXC93cC1jb250ZW50XC91cGxvYWRzXC8yMDIzXC8xMlwvdnlrb3Atc2NhbGVkLmpwZyIsInNsaWRlc2hvdyI6IjUxM2JjMGEifQ%3D%3D\" href='https:\/\/www.ms-ko.sk\/wp-content\/uploads\/2023\/12\/vykop-scaled.jpg'><img loading=\"lazy\" decoding=\"async\" width=\"340\" height=\"210\" src=\"https:\/\/www.ms-ko.sk\/wp-content\/uploads\/2023\/12\/vykop-340x210.jpg\" class=\"attachment-post-thumbnail size-post-thumbnail\" alt=\"\" \/><\/a>\n\t\t\t<\/div><\/figure><figure class='gallery-item'>\n\t\t\t<div class='gallery-icon landscape'>\n\t\t\t\t<a data-elementor-open-lightbox=\"yes\" data-elementor-lightbox-slideshow=\"513bc0a\" data-elementor-lightbox-title=\"NH jama1\" data-e-action-hash=\"#elementor-action%3Aaction%3Dlightbox%26settings%3DeyJpZCI6MzA4LCJ1cmwiOiJodHRwczpcL1wvd3d3Lm1zLWtvLnNrXC93cC1jb250ZW50XC91cGxvYWRzXC8yMDIyXC8wMVwvTkgtamFtYTEtc2NhbGVkLmpwZyIsInNsaWRlc2hvdyI6IjUxM2JjMGEifQ%3D%3D\" href='https:\/\/www.ms-ko.sk\/wp-content\/uploads\/2022\/01\/NH-jama1-scaled.jpg'><img loading=\"lazy\" decoding=\"async\" width=\"340\" height=\"210\" src=\"https:\/\/www.ms-ko.sk\/wp-content\/uploads\/2022\/01\/NH-jama1-340x210.jpg\" class=\"attachment-post-thumbnail size-post-thumbnail\" alt=\"\" \/><\/a>\n\t\t\t<\/div><\/figure><figure class='gallery-item'>\n\t\t\t<div class='gallery-icon portrait'>\n\t\t\t\t<a data-elementor-open-lightbox=\"yes\" data-elementor-lightbox-slideshow=\"513bc0a\" data-elementor-lightbox-title=\"20200417_110827\" data-e-action-hash=\"#elementor-action%3Aaction%3Dlightbox%26settings%3DeyJpZCI6NjY1LCJ1cmwiOiJodHRwczpcL1wvd3d3Lm1zLWtvLnNrXC93cC1jb250ZW50XC91cGxvYWRzXC8yMDIzXC8xMlwvMjAyMDA0MTdfMTEwODI3LXNjYWxlZC5qcGciLCJzbGlkZXNob3ciOiI1MTNiYzBhIn0%3D\" href='https:\/\/www.ms-ko.sk\/wp-content\/uploads\/2023\/12\/20200417_110827-scaled.jpg'><img loading=\"lazy\" decoding=\"async\" width=\"340\" height=\"210\" src=\"https:\/\/www.ms-ko.sk\/wp-content\/uploads\/2023\/12\/20200417_110827-340x210.jpg\" class=\"attachment-post-thumbnail size-post-thumbnail\" alt=\"\" \/><\/a>\n\t\t\t<\/div><\/figure><figure class='gallery-item'>\n\t\t\t<div class='gallery-icon landscape'>\n\t\t\t\t<a data-elementor-open-lightbox=\"yes\" data-elementor-lightbox-slideshow=\"513bc0a\" data-elementor-lightbox-title=\"zemne0 (2)\" data-e-action-hash=\"#elementor-action%3Aaction%3Dlightbox%26settings%3DeyJpZCI6NTkzLCJ1cmwiOiJodHRwczpcL1wvd3d3Lm1zLWtvLnNrXC93cC1jb250ZW50XC91cGxvYWRzXC8yMDIyXC8wNFwvemVtbmUwLTItc2NhbGVkLmpwZyIsInNsaWRlc2hvdyI6IjUxM2JjMGEifQ%3D%3D\" href='https:\/\/www.ms-ko.sk\/wp-content\/uploads\/2022\/04\/zemne0-2-scaled.jpg'><img loading=\"lazy\" decoding=\"async\" width=\"340\" height=\"210\" src=\"https:\/\/www.ms-ko.sk\/wp-content\/uploads\/2022\/04\/zemne0-2-340x210.jpg\" class=\"attachment-post-thumbnail size-post-thumbnail\" alt=\"\" \/><\/a>\n\t\t\t<\/div><\/figure>\n\t\t<\/div>\n\t\t<\/div>\n\t\t\t\t\t\t<\/div>\n\t\t\t\t<\/div>\n\t\t\t\t\t<\/div>\n\t\t<\/div>\n\t\t\t\t\t<\/div>\n\t\t<\/section>\n\t\t\t\t<\/div>\n\t\t","protected":false},"excerpt":{"rendered":"<p>-Prevoz kontajnerov (Abroll v\u00fd\u0161ka h\u00e1ku 157cm, d\u013a\u017eky 5-7m, v\u00e1ha s kont. 14t) -Pren\u00e1jom vlastn\u00fdch kontajnerov 11-14-20kub.(pri upratovan\u00ed, demolaci\u00ed) -Dovoz &#8211; odvoz : \u0160trku, piesku, kameniva, pil\u00edn, obiln\u00edn, reziva, strojov a pod&#8230; Demola\u010dn\u00e9 pr\u00e1ce Zemn\u00e9 pr\u00e1ce<\/p>\n","protected":false},"author":1,"featured_media":0,"parent":0,"menu_order":0,"comment_status":"closed","ping_status":"closed","template":"","meta":{"_monsterinsights_skip_tracking":false,"_monsterinsights_sitenote_active":false,"_monsterinsights_sitenote_note":"","_monsterinsights_sitenote_category":0,"footnotes":""},"yoast_head":"<!-- This site is optimized with the Yoast SEO plugin v23.3 - https:\/\/yoast.com\/wordpress\/plugins\/seo\/ -->\n<title>Slu\u017eby - ms-ko<\/title>\n<meta name=\"robots\" content=\"index, follow, max-snippet:-1, max-image-preview:large, max-video-preview:-1\" \/>\n<link rel=\"canonical\" href=\"https:\/\/www.ms-ko.sk\/\" \/>\n<meta property=\"og:locale\" content=\"sk_SK\" \/>\n<meta property=\"og:type\" content=\"article\" \/>\n<meta property=\"og:title\" content=\"Slu\u017eby - ms-ko\" \/>\n<meta property=\"og:description\" content=\"-Prevoz kontajnerov (Abroll v\u00fd\u0161ka h\u00e1ku 157cm, d\u013a\u017eky 5-7m, v\u00e1ha s kont. 14t) -Pren\u00e1jom vlastn\u00fdch kontajnerov 11-14-20kub.(pri upratovan\u00ed, demolaci\u00ed) -Dovoz &#8211; odvoz : \u0160trku, piesku, kameniva, pil\u00edn, obiln\u00edn, reziva, strojov a pod&#8230; Demola\u010dn\u00e9 pr\u00e1ce Zemn\u00e9 pr\u00e1ce\" \/>\n<meta property=\"og:url\" content=\"https:\/\/www.ms-ko.sk\/\" \/>\n<meta property=\"og:site_name\" content=\"ms-ko\" \/>\n<meta property=\"article:modified_time\" content=\"2025-07-13T13:19:37+00:00\" \/>\n<meta property=\"og:image\" content=\"https:\/\/www.ms-ko.sk\/wp-content\/uploads\/2022\/01\/ivecoR7-340x210.jpg\" \/>\n<meta name=\"twitter:card\" content=\"summary_large_image\" \/>\n<meta name=\"twitter:label1\" content=\"Predpokladan\u00fd \u010das \u010d\u00edtania\" \/>\n\t<meta name=\"twitter:data1\" content=\"3 min\u00faty\" \/>\n<script type=\"application\/ld+json\" class=\"yoast-schema-graph\">{\"@context\":\"https:\/\/schema.org\",\"@graph\":[{\"@type\":\"WebPage\",\"@id\":\"https:\/\/www.ms-ko.sk\/\",\"url\":\"https:\/\/www.ms-ko.sk\/\",\"name\":\"Slu\u017eby - ms-ko\",\"isPartOf\":{\"@id\":\"https:\/\/www.ms-ko.sk\/#website\"},\"primaryImageOfPage\":{\"@id\":\"https:\/\/www.ms-ko.sk\/#primaryimage\"},\"image\":{\"@id\":\"https:\/\/www.ms-ko.sk\/#primaryimage\"},\"thumbnailUrl\":\"https:\/\/www.ms-ko.sk\/wp-content\/uploads\/2022\/01\/ivecoR7-340x210.jpg\",\"datePublished\":\"2022-01-12T18:59:29+00:00\",\"dateModified\":\"2025-07-13T13:19:37+00:00\",\"breadcrumb\":{\"@id\":\"https:\/\/www.ms-ko.sk\/#breadcrumb\"},\"inLanguage\":\"sk-SK\",\"potentialAction\":[{\"@type\":\"ReadAction\",\"target\":[\"https:\/\/www.ms-ko.sk\/\"]}]},{\"@type\":\"ImageObject\",\"inLanguage\":\"sk-SK\",\"@id\":\"https:\/\/www.ms-ko.sk\/#primaryimage\",\"url\":\"https:\/\/www.ms-ko.sk\/wp-content\/uploads\/2022\/01\/ivecoR7-scaled.jpg\",\"contentUrl\":\"https:\/\/www.ms-ko.sk\/wp-content\/uploads\/2022\/01\/ivecoR7-scaled.jpg\",\"width\":2560,\"height\":1440},{\"@type\":\"BreadcrumbList\",\"@id\":\"https:\/\/www.ms-ko.sk\/#breadcrumb\",\"itemListElement\":[{\"@type\":\"ListItem\",\"position\":1,\"name\":\"Home\",\"item\":\"https:\/\/www.ms-ko.sk\/\"},{\"@type\":\"ListItem\",\"position\":2,\"name\":\"Slu\u017eby\"}]},{\"@type\":\"WebSite\",\"@id\":\"https:\/\/www.ms-ko.sk\/#website\",\"url\":\"https:\/\/www.ms-ko.sk\/\",\"name\":\"ms-ko\",\"description\":\"Preprava n\u00e1kladov\",\"potentialAction\":[{\"@type\":\"SearchAction\",\"target\":{\"@type\":\"EntryPoint\",\"urlTemplate\":\"https:\/\/www.ms-ko.sk\/?s={search_term_string}\"},\"query-input\":\"required name=search_term_string\"}],\"inLanguage\":\"sk-SK\"}]}<\/script>\n<!-- \/ Yoast SEO plugin. -->","yoast_head_json":{"title":"Slu\u017eby - ms-ko","robots":{"index":"index","follow":"follow","max-snippet":"max-snippet:-1","max-image-preview":"max-image-preview:large","max-video-preview":"max-video-preview:-1"},"canonical":"https:\/\/www.ms-ko.sk\/","og_locale":"sk_SK","og_type":"article","og_title":"Slu\u017eby - ms-ko","og_description":"-Prevoz kontajnerov (Abroll v\u00fd\u0161ka h\u00e1ku 157cm, d\u013a\u017eky 5-7m, v\u00e1ha s kont. 14t) -Pren\u00e1jom vlastn\u00fdch kontajnerov 11-14-20kub.(pri upratovan\u00ed, demolaci\u00ed) -Dovoz &#8211; odvoz : \u0160trku, piesku, kameniva, pil\u00edn, obiln\u00edn, reziva, strojov a pod&#8230; Demola\u010dn\u00e9 pr\u00e1ce Zemn\u00e9 pr\u00e1ce","og_url":"https:\/\/www.ms-ko.sk\/","og_site_name":"ms-ko","article_modified_time":"2025-07-13T13:19:37+00:00","og_image":[{"url":"https:\/\/www.ms-ko.sk\/wp-content\/uploads\/2022\/01\/ivecoR7-340x210.jpg"}],"twitter_card":"summary_large_image","twitter_misc":{"Predpokladan\u00fd \u010das \u010d\u00edtania":"3 min\u00faty"},"schema":{"@context":"https:\/\/schema.org","@graph":[{"@type":"WebPage","@id":"https:\/\/www.ms-ko.sk\/","url":"https:\/\/www.ms-ko.sk\/","name":"Slu\u017eby - ms-ko","isPartOf":{"@id":"https:\/\/www.ms-ko.sk\/#website"},"primaryImageOfPage":{"@id":"https:\/\/www.ms-ko.sk\/#primaryimage"},"image":{"@id":"https:\/\/www.ms-ko.sk\/#primaryimage"},"thumbnailUrl":"https:\/\/www.ms-ko.sk\/wp-content\/uploads\/2022\/01\/ivecoR7-340x210.jpg","datePublished":"2022-01-12T18:59:29+00:00","dateModified":"2025-07-13T13:19:37+00:00","breadcrumb":{"@id":"https:\/\/www.ms-ko.sk\/#breadcrumb"},"inLanguage":"sk-SK","potentialAction":[{"@type":"ReadAction","target":["https:\/\/www.ms-ko.sk\/"]}]},{"@type":"ImageObject","inLanguage":"sk-SK","@id":"https:\/\/www.ms-ko.sk\/#primaryimage","url":"https:\/\/www.ms-ko.sk\/wp-content\/uploads\/2022\/01\/ivecoR7-scaled.jpg","contentUrl":"https:\/\/www.ms-ko.sk\/wp-content\/uploads\/2022\/01\/ivecoR7-scaled.jpg","width":2560,"height":1440},{"@type":"BreadcrumbList","@id":"https:\/\/www.ms-ko.sk\/#breadcrumb","itemListElement":[{"@type":"ListItem","position":1,"name":"Home","item":"https:\/\/www.ms-ko.sk\/"},{"@type":"ListItem","position":2,"name":"Slu\u017eby"}]},{"@type":"WebSite","@id":"https:\/\/www.ms-ko.sk\/#website","url":"https:\/\/www.ms-ko.sk\/","name":"ms-ko","description":"Preprava n\u00e1kladov","potentialAction":[{"@type":"SearchAction","target":{"@type":"EntryPoint","urlTemplate":"https:\/\/www.ms-ko.sk\/?s={search_term_string}"},"query-input":"required name=search_term_string"}],"inLanguage":"sk-SK"}]}},"_links":{"self":[{"href":"https:\/\/www.ms-ko.sk\/index.php?rest_route=\/wp\/v2\/pages\/11"}],"collection":[{"href":"https:\/\/www.ms-ko.sk\/index.php?rest_route=\/wp\/v2\/pages"}],"about":[{"href":"https:\/\/www.ms-ko.sk\/index.php?rest_route=\/wp\/v2\/types\/page"}],"author":[{"embeddable":true,"href":"https:\/\/www.ms-ko.sk\/index.php?rest_route=\/wp\/v2\/users\/1"}],"replies":[{"embeddable":true,"href":"https:\/\/www.ms-ko.sk\/index.php?rest_route=%2Fwp%2Fv2%2Fcomments&post=11"}],"version-history":[{"count":7,"href":"https:\/\/www.ms-ko.sk\/index.php?rest_route=\/wp\/v2\/pages\/11\/revisions"}],"predecessor-version":[{"id":898,"href":"https:\/\/www.ms-ko.sk\/index.php?rest_route=\/wp\/v2\/pages\/11\/revisions\/898"}],"wp:attachment":[{"href":"https:\/\/www.ms-ko.sk\/index.php?rest_route=%2Fwp%2Fv2%2Fmedia&parent=11"}],"curies":[{"name":"wp","href":"https:\/\/api.w.org\/{rel}","templated":true}]}}